{"id":118,"date":"2025-08-25T20:24:13","date_gmt":"2025-08-25T18:24:13","guid":{"rendered":"https:\/\/egliseorthodoxerennes.fr\/?page_id=118"},"modified":"2025-08-25T21:47:03","modified_gmt":"2025-08-25T19:47:03","slug":"spovedanie","status":"publish","type":"page","link":"https:\/\/egliseorthodoxerennes.fr\/?page_id=118&lang=ro","title":{"rendered":"Spovedanie"},"content":{"rendered":"\n<p>Sunt c\u00e2teva lucruri pe care le spun mereu \u00een biseric\u0103 \u0219i pe care m-am g\u00e2ndit acum s\u0103 le reamintesc pe scurt celor care se vor spovedi \u00een postul acesta.<\/p>\n\n\n\n<p>1.&nbsp;<strong>Spovedania nu este interogatoriu sau judecat\u0103, ci&nbsp;m\u0103rturisire&nbsp;de bun\u0103voie<\/strong>, dup\u0103 cum \u00eei spune \u0219i numele: \u201eTaina m\u0103rturisirii\u201d. A\u0219a \u00eenc\u00e2t nu a\u0219tepta\u021bi \u00eentreb\u0103rile preotului: a\u021bi putea s\u0103 v\u0103 spovedi\u021bi foarte bine \u0219i la un preot mut. G\u00e2ndi\u021bi-v\u0103 de acas\u0103 ce ave\u021bi de m\u0103rturisit, eventual nota\u021bi undeva ca s\u0103 nu uita\u021bi.&nbsp;Nu v\u0103 duce\u021bi la spovedanie nepreg\u0103ti\u021bi.&nbsp;<\/p>\n\n\n\n<p><a><\/a> 2. Rolul spovedaniei nu este ca s\u0103 v\u0103 \u201espune\u021bi\u201d p\u0103catele, ci s\u0103 v\u0103 judeca\u021bi singuri \u0219i&nbsp;<strong>s\u0103 vede\u021bi astfel unde \u0219i cum gre\u0219i\u021bi fa\u021b\u0103 de Dumnezeu \u0219i fa\u021b\u0103 de aproapele vostru<\/strong>. Preotul nu este dec\u00e2t&nbsp;martorul&nbsp;sincerit\u0103\u021bii voastre \u0219i m\u0103sura uman\u0103 a&nbsp;greut\u0103\u021bii&nbsp;gre\u0219elilor voastre fa\u021b\u0103 de voi \u00een\u0219iv\u0103, de aceea spune Scriptura \u201em\u0103rturisi\u0163i-v\u0103 unul altuia p\u0103catele\u201d (Iacob 5,16).<\/p>\n\n\n\n<p>3. Mai \u00eenainte de a v\u0103 duce la spovedanie,&nbsp;<strong>\u00eencerca\u021bi s\u0103 v\u0103 \u00eemp\u0103ca\u021bi&nbsp;<\/strong>pe c\u00e2t posibil cu cei cu care sunte\u021bi certa\u021bi. Sfin\u021bii P\u0103rin\u021bi spun c\u0103 pacea e de patru ori mai mare dec\u00e2t dreptatea.&nbsp;<strong>Ierta\u021bi \u0219i cere\u021bi iertare<\/strong>. Dar dac\u0103 nu pute\u021bi, spune\u021bi m\u0103car un cuv\u00e2nt bun, da\u021bi un semn, face\u021bi m\u0103car un mic gest de bun\u0103voin\u021b\u0103.<\/p>\n\n\n\n<p>4.&nbsp;<strong>Reciti\u021bi cu aten\u021bie cele zece porunci, dar nu v\u0103 opri\u021bi la litera lor,<\/strong>&nbsp;ci \u00eencerca\u021bi s\u0103 ajunge\u021bi&nbsp;la&nbsp;duhul&nbsp;acestora. \u201eS\u0103 nu furi\u201d, de exemplu, nu \u00eenseamn\u0103 doar s\u0103 nu iei ceea ce nu-\u021bi apar\u021bine, ci la fel de bine&nbsp;<em>s\u0103 nu \u00een\u0219eli la c\u00e2ntar sau la pre\u021b, s\u0103 nu prime\u0219ti \u0219pag\u0103, s\u0103 nu vinzi lucruri sau servicii proaste, s\u0103 nu pl\u0103te\u0219ti o munc\u0103 \u00een b\u0103taie de joc \u0219i a\u0219a mai departe<\/em>.<\/p>\n\n\n\n<p>5.&nbsp;<strong>\u00centreba\u021bi-v\u0103 mai ales dac\u0103 \u00eel iubi\u021bi cu adev\u0103rat pe Dumnezeu<\/strong>, dac\u0103 nu cumva v\u0103 pune\u021bi&nbsp;dragostea,&nbsp;credin\u021ba&nbsp;\u0219i&nbsp;speran\u021ba&nbsp;\u00een altceva. Face\u021bi un mic test: dac\u0103 vi s-ar \u00eendeplini pe loc o singur\u0103 dorin\u021b\u0103,&nbsp;cea mai mare, care ar fi aceasta? G\u00e2ndi\u021bi-v\u0103 bine, pentru c\u0103 \u201eunde este comoara ta, acolo va fi \u015fi inima ta\u201d (Matei 6,21).&nbsp;<\/p>\n\n\n\n<p>6. G\u00e2ndi\u021bi-v\u0103 la&nbsp;<strong>gre\u0219elile pe care le-a\u021bi f\u0103cut (sau le face\u021bi)&nbsp;<\/strong>fa\u021b\u0103 de cei din cas\u0103 \u0219i familie, fa\u021b\u0103 de colegii de munc\u0103, fa\u021b\u0103 de prieteni, cunoscu\u021bi \u0219i necunoscu\u021bi. \u00centreba\u021bi-v\u0103&nbsp;<em><strong>dac\u0103 v\u0103 ruga\u021bi<\/strong><\/em>&nbsp;\u0219i&nbsp;<em>pentru ce<\/em>,&nbsp;<em><strong>dac\u0103 merge\u021bi la Liturghie<\/strong><\/em>&nbsp;\u0219i&nbsp;<em>pentru ce<\/em>,&nbsp;<em><strong>dac\u0103 v\u0103 \u00eemp\u0103rt\u0103\u0219i\u021bi<\/strong><\/em>&nbsp;\u0219i&nbsp;<em>pentru ce<\/em>,&nbsp;<em><strong>dac\u0103 posti\u021bi&nbsp;<\/strong><\/em>\u0219i&nbsp;<em>pentru ce<\/em>,&nbsp;<strong>dac\u0103 v\u0103 lupta\u021bi cu patimile voastre, dac\u0103 ierta\u021bi, dac\u0103 ajuta\u021bi pe al\u021bii, dac\u0103 citi\u021bi Evanghelia \u0219i tr\u0103i\u021bi dup\u0103 cuv\u00e2ntul ei<\/strong>.<\/p>\n\n\n\n<p>7.&nbsp;<strong>Nu exist\u0103 p\u0103cate \u201emici\u201d sau \u201emari\u201d:<\/strong>&nbsp;orice&nbsp;lucru pe care-l ai pe con\u0219tiin\u021b\u0103 este cel mai mare p\u0103cat. Niciodat\u0103 s\u0103 nu faci nimic \u00eempotriva con\u0219tiin\u021bei tale, nu te va ierta niciodat\u0103.<\/p>\n\n\n\n<p>8. Vorbi\u021bi la spovedanie&nbsp;<strong>despre p\u0103catele voastre, NU despre al\u021bii<\/strong>. Nimeni altcineva la urma urmei nu e vinovat de prostiile noastre.<\/p>\n\n\n\n<p>9. Spovedania s\u0103 fie&nbsp;<strong>simpl\u0103, direct\u0103, asumat\u0103, f\u0103r\u0103 detalii \u0219i explica\u021bii inutile<\/strong>. Nu trebuie s\u0103 v\u0103 justifica\u021bi, nu v\u0103 c\u0103uta\u021bi scuze. Modelul spovedaniei se g\u0103se\u0219te \u00een cuvintele t\u00e2lharului r\u0103stignit pe cruce de-a dreapta M\u00e2ntuitorului: \u201ePe drept primim cele cuvenite, dup\u0103 faptele noastre\u201d (Luca 23,41).<\/p>\n\n\n\n<p>10.&nbsp;<strong>Nu intra\u021bi \u00een detalii<\/strong>, \u00eencerca\u021bi s\u0103 fi\u021bi c\u00e2t mai conci\u0219i, mai a\u0219teapt\u0103 \u0219i al\u021bii la r\u00e2nd. Dac\u0103 ave\u021bi nevoie de o discu\u021bie mai lung\u0103 cu preotul, e bine s\u0103 fixa\u021bi o \u00eent\u00e2lnire separat\u0103.<\/p>\n\n\n\n<p>Plec\u00e2nd de la spovedanie,&nbsp;<strong>\u00eencerca\u021bi s\u0103 fi\u021bi m\u0103car&nbsp;un pic&nbsp;mai buni&nbsp;<\/strong>dec\u00e2t atunci c\u00e2nd a\u021bi venit,&nbsp;<em><strong>s\u0103 schimba\u021bi lucrurile gre\u0219ite, s\u0103 nu le repeta\u021bi, s\u0103 fi\u021bi mai aten\u021bi la faptele, g\u00e2ndurile \u0219i cuvintele voastre<\/strong><\/em>.&nbsp;O spovedanie cinstit\u0103 e ca \u00eentoarcerea acas\u0103 a fiului risipitor: Tat\u0103l ne-a \u00eembr\u0103cat din nou cu \u201ehaina cea dint\u00e2i\u201d \u0219i ne-a pus la mas\u0103 de-a dreapta Lui, m\u0103car c\u00e2t dureaz\u0103 cina s\u0103 nu ne d\u0103m iar\u0103\u0219i \u00een petic.<\/p>\n\n\n\n<p>* text al Pr. Ioan Florin Florescu, preluat de pe blogul&nbsp;<a href=\"https:\/\/ioanflorin.wordpress.com\/\" target=\"_blank\" rel=\"noreferrer noopener\"><em>Jurnal<\/em><em> Sco\u021bian<\/em><\/a><\/p>\n","protected":false},"excerpt":{"rendered":"<p>Sunt c\u00e2teva lucruri pe care le spun mereu \u00een biseric\u0103 \u0219i pe care m-am g\u00e2ndit acum s\u0103 le reamintesc pe scurt celor care se vor spovedi \u00een postul acesta. 1.&nbsp;Spovedania nu este interogatoriu sau judecat\u0103, ci&nbsp;m\u0103rturisire&nbsp;de bun\u0103voie, dup\u0103 cum \u00eei spune \u0219i numele: \u201eTaina m\u0103rturisirii\u201d. A\u0219a \u00eenc\u00e2t nu a\u0219tepta\u021bi \u00eentreb\u0103rile preotului: a\u021bi putea s\u0103 v\u0103 [&hellip;]<\/p>\n","protected":false},"author":1,"featured_media":120,"parent":145,"menu_order":0,"comment_status":"closed","ping_status":"closed","template":"","meta":{"footnotes":""},"class_list":["post-118","page","type-page","status-publish","has-post-thumbnail","hentry"],"yoast_head":"<!-- This site is optimized with the Yoast SEO plugin v27.3 - https:\/\/yoast.com\/product\/yoast-seo-wordpress\/ -->\n<title>Spovedanie - Eglise Orthodoxe Rennes<\/title>\n<meta name=\"description\" content=\"Recomand\u0103ri practice pentru spovedanie: cum s\u0103 te preg\u0103te\u0219ti, ce s\u0103 m\u0103rturise\u0219ti \u0219i cum s\u0103 tr\u0103ie\u0219ti mai aproape de Dumnezeu.\" \/>\n<meta name=\"robots\" content=\"index, follow, max-snippet:-1, max-image-preview:large, max-video-preview:-1\" \/>\n<link rel=\"canonical\" href=\"https:\/\/egliseorthodoxerennes.fr\/?page_id=118&lang=ro\" \/>\n<meta property=\"og:locale\" content=\"en_US\" \/>\n<meta property=\"og:type\" content=\"article\" \/>\n<meta property=\"og:title\" content=\"Spovedanie - Eglise Orthodoxe Rennes\" \/>\n<meta property=\"og:description\" content=\"Recomand\u0103ri practice pentru spovedanie: cum s\u0103 te preg\u0103te\u0219ti, ce s\u0103 m\u0103rturise\u0219ti \u0219i cum s\u0103 tr\u0103ie\u0219ti mai aproape de Dumnezeu.\" \/>\n<meta property=\"og:url\" content=\"https:\/\/egliseorthodoxerennes.fr\/?page_id=118&amp;lang=ro\" \/>\n<meta property=\"og:site_name\" content=\"Eglise Orthodoxe Rennes\" \/>\n<meta property=\"article:publisher\" content=\"https:\/\/www.facebook.com\/acorennes\/\" \/>\n<meta property=\"article:modified_time\" content=\"2025-08-25T19:47:03+00:00\" \/>\n<meta property=\"og:image\" content=\"https:\/\/egliseorthodoxerennes.fr\/wp-content\/uploads\/2025\/08\/775A7008.jpg\" \/>\n\t<meta property=\"og:image:width\" content=\"2048\" \/>\n\t<meta property=\"og:image:height\" content=\"1365\" \/>\n\t<meta property=\"og:image:type\" content=\"image\/jpeg\" \/>\n<meta name=\"twitter:card\" content=\"summary_large_image\" \/>\n<meta name=\"twitter:label1\" content=\"Est. reading time\" \/>\n\t<meta name=\"twitter:data1\" content=\"3 minutes\" \/>\n<script type=\"application\/ld+json\" class=\"yoast-schema-graph\">{\"@context\":\"https:\\\/\\\/schema.org\",\"@graph\":[{\"@type\":\"WebPage\",\"@id\":\"https:\\\/\\\/egliseorthodoxerennes.fr\\\/?page_id=118&lang=ro\",\"url\":\"https:\\\/\\\/egliseorthodoxerennes.fr\\\/?page_id=118&lang=ro\",\"name\":\"Spovedanie - Eglise Orthodoxe Rennes\",\"isPartOf\":{\"@id\":\"https:\\\/\\\/egliseorthodoxerennes.fr\\\/#website\"},\"primaryImageOfPage\":{\"@id\":\"https:\\\/\\\/egliseorthodoxerennes.fr\\\/?page_id=118&lang=ro#primaryimage\"},\"image\":{\"@id\":\"https:\\\/\\\/egliseorthodoxerennes.fr\\\/?page_id=118&lang=ro#primaryimage\"},\"thumbnailUrl\":\"https:\\\/\\\/egliseorthodoxerennes.fr\\\/wp-content\\\/uploads\\\/2025\\\/08\\\/775A7008.jpg\",\"datePublished\":\"2025-08-25T18:24:13+00:00\",\"dateModified\":\"2025-08-25T19:47:03+00:00\",\"description\":\"Recomand\u0103ri practice pentru spovedanie: cum s\u0103 te preg\u0103te\u0219ti, ce s\u0103 m\u0103rturise\u0219ti \u0219i cum s\u0103 tr\u0103ie\u0219ti mai aproape de Dumnezeu.\",\"breadcrumb\":{\"@id\":\"https:\\\/\\\/egliseorthodoxerennes.fr\\\/?page_id=118&lang=ro#breadcrumb\"},\"inLanguage\":\"en-US\",\"potentialAction\":[{\"@type\":\"ReadAction\",\"target\":[\"https:\\\/\\\/egliseorthodoxerennes.fr\\\/?page_id=118&lang=ro\"]}]},{\"@type\":\"ImageObject\",\"inLanguage\":\"en-US\",\"@id\":\"https:\\\/\\\/egliseorthodoxerennes.fr\\\/?page_id=118&lang=ro#primaryimage\",\"url\":\"https:\\\/\\\/egliseorthodoxerennes.fr\\\/wp-content\\\/uploads\\\/2025\\\/08\\\/775A7008.jpg\",\"contentUrl\":\"https:\\\/\\\/egliseorthodoxerennes.fr\\\/wp-content\\\/uploads\\\/2025\\\/08\\\/775A7008.jpg\",\"width\":2048,\"height\":1365},{\"@type\":\"BreadcrumbList\",\"@id\":\"https:\\\/\\\/egliseorthodoxerennes.fr\\\/?page_id=118&lang=ro#breadcrumb\",\"itemListElement\":[{\"@type\":\"ListItem\",\"position\":1,\"name\":\"Home\",\"item\":\"https:\\\/\\\/egliseorthodoxerennes.fr\\\/\"},{\"@type\":\"ListItem\",\"position\":2,\"name\":\"Informa\u021bii practice\",\"item\":\"https:\\\/\\\/egliseorthodoxerennes.fr\\\/?page_id=145&lang=ro\"},{\"@type\":\"ListItem\",\"position\":3,\"name\":\"Spovedanie\"}]},{\"@type\":\"WebSite\",\"@id\":\"https:\\\/\\\/egliseorthodoxerennes.fr\\\/#website\",\"url\":\"https:\\\/\\\/egliseorthodoxerennes.fr\\\/\",\"name\":\"Eglise Orthodoxe Rennes\",\"description\":\"Parohia Sfin\u021bii \u0219i Drep\u021bii P\u0103rin\u021bi Ioachim \u0219i Ana Rennes\",\"publisher\":{\"@id\":\"https:\\\/\\\/egliseorthodoxerennes.fr\\\/#organization\"},\"potentialAction\":[{\"@type\":\"SearchAction\",\"target\":{\"@type\":\"EntryPoint\",\"urlTemplate\":\"https:\\\/\\\/egliseorthodoxerennes.fr\\\/?s={search_term_string}\"},\"query-input\":{\"@type\":\"PropertyValueSpecification\",\"valueRequired\":true,\"valueName\":\"search_term_string\"}}],\"inLanguage\":\"en-US\"},{\"@type\":\"Organization\",\"@id\":\"https:\\\/\\\/egliseorthodoxerennes.fr\\\/#organization\",\"name\":\"Eglise Orthodoxe Rennes\",\"url\":\"https:\\\/\\\/egliseorthodoxerennes.fr\\\/\",\"logo\":{\"@type\":\"ImageObject\",\"inLanguage\":\"en-US\",\"@id\":\"https:\\\/\\\/egliseorthodoxerennes.fr\\\/#\\\/schema\\\/logo\\\/image\\\/\",\"url\":\"https:\\\/\\\/egliseorthodoxerennes.fr\\\/wp-content\\\/uploads\\\/2025\\\/07\\\/cropped-logo_church.jpg\",\"contentUrl\":\"https:\\\/\\\/egliseorthodoxerennes.fr\\\/wp-content\\\/uploads\\\/2025\\\/07\\\/cropped-logo_church.jpg\",\"width\":426,\"height\":333,\"caption\":\"Eglise Orthodoxe Rennes\"},\"image\":{\"@id\":\"https:\\\/\\\/egliseorthodoxerennes.fr\\\/#\\\/schema\\\/logo\\\/image\\\/\"},\"sameAs\":[\"https:\\\/\\\/www.facebook.com\\\/acorennes\\\/\"]}]}<\/script>\n<!-- \/ Yoast SEO plugin. -->","yoast_head_json":{"title":"Spovedanie - Eglise Orthodoxe Rennes","description":"Recomand\u0103ri practice pentru spovedanie: cum s\u0103 te preg\u0103te\u0219ti, ce s\u0103 m\u0103rturise\u0219ti \u0219i cum s\u0103 tr\u0103ie\u0219ti mai aproape de Dumnezeu.","robots":{"index":"index","follow":"follow","max-snippet":"max-snippet:-1","max-image-preview":"max-image-preview:large","max-video-preview":"max-video-preview:-1"},"canonical":"https:\/\/egliseorthodoxerennes.fr\/?page_id=118&lang=ro","og_locale":"en_US","og_type":"article","og_title":"Spovedanie - Eglise Orthodoxe Rennes","og_description":"Recomand\u0103ri practice pentru spovedanie: cum s\u0103 te preg\u0103te\u0219ti, ce s\u0103 m\u0103rturise\u0219ti \u0219i cum s\u0103 tr\u0103ie\u0219ti mai aproape de Dumnezeu.","og_url":"https:\/\/egliseorthodoxerennes.fr\/?page_id=118&lang=ro","og_site_name":"Eglise Orthodoxe Rennes","article_publisher":"https:\/\/www.facebook.com\/acorennes\/","article_modified_time":"2025-08-25T19:47:03+00:00","og_image":[{"width":2048,"height":1365,"url":"https:\/\/egliseorthodoxerennes.fr\/wp-content\/uploads\/2025\/08\/775A7008.jpg","type":"image\/jpeg"}],"twitter_card":"summary_large_image","twitter_misc":{"Est. reading time":"3 minutes"},"schema":{"@context":"https:\/\/schema.org","@graph":[{"@type":"WebPage","@id":"https:\/\/egliseorthodoxerennes.fr\/?page_id=118&lang=ro","url":"https:\/\/egliseorthodoxerennes.fr\/?page_id=118&lang=ro","name":"Spovedanie - Eglise Orthodoxe Rennes","isPartOf":{"@id":"https:\/\/egliseorthodoxerennes.fr\/#website"},"primaryImageOfPage":{"@id":"https:\/\/egliseorthodoxerennes.fr\/?page_id=118&lang=ro#primaryimage"},"image":{"@id":"https:\/\/egliseorthodoxerennes.fr\/?page_id=118&lang=ro#primaryimage"},"thumbnailUrl":"https:\/\/egliseorthodoxerennes.fr\/wp-content\/uploads\/2025\/08\/775A7008.jpg","datePublished":"2025-08-25T18:24:13+00:00","dateModified":"2025-08-25T19:47:03+00:00","description":"Recomand\u0103ri practice pentru spovedanie: cum s\u0103 te preg\u0103te\u0219ti, ce s\u0103 m\u0103rturise\u0219ti \u0219i cum s\u0103 tr\u0103ie\u0219ti mai aproape de Dumnezeu.","breadcrumb":{"@id":"https:\/\/egliseorthodoxerennes.fr\/?page_id=118&lang=ro#breadcrumb"},"inLanguage":"en-US","potentialAction":[{"@type":"ReadAction","target":["https:\/\/egliseorthodoxerennes.fr\/?page_id=118&lang=ro"]}]},{"@type":"ImageObject","inLanguage":"en-US","@id":"https:\/\/egliseorthodoxerennes.fr\/?page_id=118&lang=ro#primaryimage","url":"https:\/\/egliseorthodoxerennes.fr\/wp-content\/uploads\/2025\/08\/775A7008.jpg","contentUrl":"https:\/\/egliseorthodoxerennes.fr\/wp-content\/uploads\/2025\/08\/775A7008.jpg","width":2048,"height":1365},{"@type":"BreadcrumbList","@id":"https:\/\/egliseorthodoxerennes.fr\/?page_id=118&lang=ro#breadcrumb","itemListElement":[{"@type":"ListItem","position":1,"name":"Home","item":"https:\/\/egliseorthodoxerennes.fr\/"},{"@type":"ListItem","position":2,"name":"Informa\u021bii practice","item":"https:\/\/egliseorthodoxerennes.fr\/?page_id=145&lang=ro"},{"@type":"ListItem","position":3,"name":"Spovedanie"}]},{"@type":"WebSite","@id":"https:\/\/egliseorthodoxerennes.fr\/#website","url":"https:\/\/egliseorthodoxerennes.fr\/","name":"Eglise Orthodoxe Rennes","description":"Parohia Sfin\u021bii \u0219i Drep\u021bii P\u0103rin\u021bi Ioachim \u0219i Ana Rennes","publisher":{"@id":"https:\/\/egliseorthodoxerennes.fr\/#organization"},"potentialAction":[{"@type":"SearchAction","target":{"@type":"EntryPoint","urlTemplate":"https:\/\/egliseorthodoxerennes.fr\/?s={search_term_string}"},"query-input":{"@type":"PropertyValueSpecification","valueRequired":true,"valueName":"search_term_string"}}],"inLanguage":"en-US"},{"@type":"Organization","@id":"https:\/\/egliseorthodoxerennes.fr\/#organization","name":"Eglise Orthodoxe Rennes","url":"https:\/\/egliseorthodoxerennes.fr\/","logo":{"@type":"ImageObject","inLanguage":"en-US","@id":"https:\/\/egliseorthodoxerennes.fr\/#\/schema\/logo\/image\/","url":"https:\/\/egliseorthodoxerennes.fr\/wp-content\/uploads\/2025\/07\/cropped-logo_church.jpg","contentUrl":"https:\/\/egliseorthodoxerennes.fr\/wp-content\/uploads\/2025\/07\/cropped-logo_church.jpg","width":426,"height":333,"caption":"Eglise Orthodoxe Rennes"},"image":{"@id":"https:\/\/egliseorthodoxerennes.fr\/#\/schema\/logo\/image\/"},"sameAs":["https:\/\/www.facebook.com\/acorennes\/"]}]}},"_links":{"self":[{"href":"https:\/\/egliseorthodoxerennes.fr\/index.php?rest_route=\/wp\/v2\/pages\/118","targetHints":{"allow":["GET"]}}],"collection":[{"href":"https:\/\/egliseorthodoxerennes.fr\/index.php?rest_route=\/wp\/v2\/pages"}],"about":[{"href":"https:\/\/egliseorthodoxerennes.fr\/index.php?rest_route=\/wp\/v2\/types\/page"}],"author":[{"embeddable":true,"href":"https:\/\/egliseorthodoxerennes.fr\/index.php?rest_route=\/wp\/v2\/users\/1"}],"replies":[{"embeddable":true,"href":"https:\/\/egliseorthodoxerennes.fr\/index.php?rest_route=%2Fwp%2Fv2%2Fcomments&post=118"}],"version-history":[{"count":2,"href":"https:\/\/egliseorthodoxerennes.fr\/index.php?rest_route=\/wp\/v2\/pages\/118\/revisions"}],"predecessor-version":[{"id":122,"href":"https:\/\/egliseorthodoxerennes.fr\/index.php?rest_route=\/wp\/v2\/pages\/118\/revisions\/122"}],"up":[{"embeddable":true,"href":"https:\/\/egliseorthodoxerennes.fr\/index.php?rest_route=\/wp\/v2\/pages\/145"}],"wp:featuredmedia":[{"embeddable":true,"href":"https:\/\/egliseorthodoxerennes.fr\/index.php?rest_route=\/wp\/v2\/media\/120"}],"wp:attachment":[{"href":"https:\/\/egliseorthodoxerennes.fr\/index.php?rest_route=%2Fwp%2Fv2%2Fmedia&parent=118"}],"curies":[{"name":"wp","href":"https:\/\/api.w.org\/{rel}","templated":true}]}}