{"id":106,"date":"2025-08-24T21:25:18","date_gmt":"2025-08-24T19:25:18","guid":{"rendered":"https:\/\/egliseorthodoxerennes.fr\/?page_id=106"},"modified":"2025-10-11T22:38:25","modified_gmt":"2025-10-11T20:38:25","slug":"le-mariage","status":"publish","type":"page","link":"https:\/\/egliseorthodoxerennes.fr\/?page_id=106","title":{"rendered":"Le Mariage"},"content":{"rendered":"\n<h3 class=\"wp-block-heading\">L\u2019Ordre du Sacrement du Mariage<\/h3>\n\n\n\n<p>La c\u00e9l\u00e9bration des Fian\u00e7ailles et du Mariage a lieu au milieu de l\u2019\u00c9glise, devant une table sur laquelle sont d\u00e9pos\u00e9s le Saint \u00c9vangile, les couronnes nuptiales, la Sainte Croix, des chandeliers avec des cierges et les anneaux de fian\u00e7ailles.<br>Le mari\u00e9 se tient \u00e0 droite, et la mari\u00e9e \u00e0 sa gauche, pr\u00e8s de son c\u0153ur, car elle a \u00e9t\u00e9 cr\u00e9\u00e9e par Dieu de la c\u00f4te de l\u2019homme.<br>Le moment le plus important de l\u2019office est l\u2019imposition des couronnes : le pr\u00eatre fait trois fois le signe de la croix avec les couronnes au-dessus des visages des \u00e9poux, en pronon\u00e7ant chaque fois les paroles :<br>\u00ab Le serviteur (la servante) de Dieu (nom) est uni(e) \u00e0 la servante (au serviteur) de Dieu (nom), au nom du P\u00e8re, et du Fils, et du Saint-Esprit \u00bb, puis il les pose sur leur t\u00eate, d\u2019abord celle de l\u2019\u00e9poux, ensuite celle de l\u2019\u00e9pouse.<br><br><strong>La signification des \u00ab couronnes \u00bb pos\u00e9es sur la t\u00eate des \u00e9poux<\/strong><br><br>Les couronnes, faites de m\u00e9tal, rappellent les couronnes avec lesquelles on honorait autrefois les rois et les empereurs. Elles symbolisent l\u2019ornement, l\u2019honneur et la r\u00e9compense accord\u00e9s \u00e0 la puret\u00e9 et \u00e0 la virginit\u00e9 des \u00e9poux, couronn\u00e9s comme des souverains, dot\u00e9s du pouvoir de donner la vie, c\u2019est-\u00e0-dire d\u2019engendrer des enfants.<br>C\u2019est pourquoi on chante pour eux : \u00ab Seigneur notre Dieu, couronne-les de gloire et d\u2019honneur ! \u00bb<\/p>\n\n\n\n<p>Apr\u00e8s l\u2019imposition des couronnes, on lit l\u2019Ap\u00f4tre (de l\u2019\u00c9p\u00eetre aux \u00c9ph\u00e9siens, chapitre 5, versets 20-33), o\u00f9 saint Paul compare le mariage au lien sacr\u00e9 entre le Christ et l\u2019\u00c9glise, exhortant les \u00e9poux \u00e0 s\u2019aimer mutuellement. Puis est proclam\u00e9 l\u2019\u00c9vangile relatant le miracle accompli par le Sauveur aux noces de Cana en Galil\u00e9e (Jean 2, 1-11).<br><br>Suit une ect\u00e9nie (assemblage de courtes pri\u00e8res), apr\u00e8s quoi le pr\u00eatre b\u00e9nit le calice commun, rempli de vin, dont il donne aux \u00e9poux de go\u00fbter tour \u00e0 tour, tandis que l\u2019on chante :<br>\u00ab Je prendrai la coupe du salut et j\u2019invoquerai le Nom du Seigneur \u00bb (Psaume 115, 4).<br><br><strong>La signification du calice partag\u00e9 par les \u00e9poux<\/strong><br><br>Le calice b\u00e9ni symbolise, d\u2019une part, la joie et l\u2019all\u00e9gresse des noces, et d\u2019autre part, l\u2019union des \u00e9poux dans une m\u00eame pens\u00e9e et une m\u00eame vocation, appel\u00e9s \u00e0 partager d\u00e9sormais ensemble, aussi bien les joies que les \u00e9preuves de la vie.<br>Apr\u00e8s cela a lieu la triple procession autour de la table, men\u00e9e par le cort\u00e8ge nuptial compos\u00e9 du clerg\u00e9, des \u00e9poux et de leurs parrains spirituels.<br><br><strong>La signification de la procession autour de la table<\/strong><br><br>Cette marche en ronde exprime la joie procur\u00e9e par le mariage. Et puisque le mariage a pour but la naissance d\u2019enfants, l\u2019\u00c9glise nous renvoie \u00e0 la naissance surnaturelle du Sauveur J\u00e9sus-Christ de la Vierge Marie, proph\u00e9tis\u00e9e par Isa\u00efe (7, 14).<br>L\u2019\u00c9glise l\u2019invite alors \u00e0 se r\u00e9jouir avec nous de l\u2019accomplissement de sa proph\u00e9tie : \u00ab R\u00e9jouis-toi, Isa\u00efe ! La Vierge a con\u00e7u\u2026 \u00bb.<br>On chante \u00e9galement deux hymnes emprunt\u00e9s \u00e0 l\u2019office de l\u2019ordination : \u00ab Saints Martyrs\u2026 \u00bb et \u00ab Gloire \u00e0 Toi, \u00f4 Christ notre Dieu\u2026 \u00bb, pour signifier que les \u00e9poux doivent imiter le Christ et Ses saints, par une vie pure dans le mariage, supportant avec amour toutes les difficult\u00e9s qui surviennent dans la famille.<\/p>\n\n\n\n<h3 class=\"wp-block-heading\">Les conditions canoniques (eccl\u00e9siastiques) du mariage<\/h3>\n\n\n\n<ul class=\"wp-block-list\">\n<li>Les deux jeunes qui veulent s\u2019unir par le sacrement du mariage ne doivent avoir entre eux aucun lien de parent\u00e9 charnelle (de sang) ni spirituelle. Le mariage entre parents est absolument interdit par les saints canons de l\u2019\u00c9glise orthodoxe, y compris entre cousins au second degr\u00e9.<\/li>\n\n\n\n<li>Les mariages ne peuvent \u00eatre c\u00e9l\u00e9br\u00e9s n\u2019importe quel jour : il faut tenir compte des temps de je\u00fbne et des grandes f\u00eates (voir ci-dessous).<\/li>\n\n\n\n<li>Les parrains (t\u00e9moins spirituels) des \u00e9poux doivent \u00eatre des chr\u00e9tiens orthodoxes mari\u00e9s, bons, aimant l\u2019\u00c9glise, capables d\u2019instruire et de guider leurs filleuls dans la vraie foi.<\/li>\n\n\n\n<li>Les parents des deux jeunes doivent consentir \u00e0 leur mariage. Les unions contract\u00e9es sans l\u2019accord des parents n\u2019apportent pas de joie aux enfants et sont interdites par les canons de saint Basile le Grand (canons 38, 40 et 42).<\/li>\n\n\n\n<li>Les deux jeunes doivent s\u2019aimer et consentir librement \u00e0 se marier. Si le mariage est impos\u00e9 par les parents ou conclu pour des avantages mat\u00e9riels, il ne saurait durer et n\u2019est pas agr\u00e9able \u00e0 Dieu.<\/li>\n<\/ul>\n\n\n\n<p><strong>Quand les mariages ne peuvent-ils pas \u00eatre c\u00e9l\u00e9br\u00e9s ?<\/strong><\/p>\n\n\n\n<p>Selon le neuvi\u00e8me commandement de l\u2019\u00c9glise, les mariages ne peuvent pas \u00eatre c\u00e9l\u00e9br\u00e9s aux p\u00e9riodes suivantes de l\u2019ann\u00e9e :<\/p>\n\n\n\n<ul class=\"wp-block-list\">\n<li>durant les quatre grands je\u00fbnes (le Car\u00eame de P\u00e2ques, le Car\u00eame de No\u00ebl, le je\u00fbne des Saints Ap\u00f4tres et celui de la Dormition de la M\u00e8re de Dieu),<\/li>\n\n\n\n<li>les jours de je\u00fbne hebdomadaire : le mercredi et le vendredi, ainsi que le 14 septembre (Exaltation de la Sainte Croix) et le 29 ao\u00fbt (D\u00e9collation de saint Jean-Baptiste),<\/li>\n\n\n\n<li>durant la Semaine des laitages (\u00ab semaine blanche \u00bb), qui pr\u00e9pare au Grand Car\u00eame,<\/li>\n\n\n\n<li>durant la Semaine radieuse (Semaine de P\u00e2ques), le dimanche de la Pentec\u00f4te, la p\u00e9riode entre No\u00ebl et la Th\u00e9ophanie, ainsi que les veilles de toutes les grandes f\u00eates, afin que la joie des noces n\u2019occulte pas la joie spirituelle de ces solennit\u00e9s.<\/li>\n<\/ul>\n\n\n\n<p><strong>Ce qui est n\u00e9cessaire pour la c\u00e9l\u00e9bration du mariage<\/strong><\/p>\n\n\n\n<ol class=\"wp-block-list\">\n<li>Le pr\u00eatre doit \u00eatre inform\u00e9 \u00e0 l\u2019avance de la situation civile et religieuse des \u00e9poux (mariages civils et\/ou religieux ant\u00e9rieurs, etc.). Pour un second mariage religieux, la b\u00e9n\u00e9diction de l\u2019\u00e9v\u00eaque est n\u00e9cessaire, ainsi que les donn\u00e9es concernant les parrains (noms, \u00e2ge, confession).<\/li>\n\n\n\n<li>Les \u00e9poux doivent tenir compte des conditions canoniques et des p\u00e9riodes de l\u2019ann\u00e9e o\u00f9 les mariages sont permis.<\/li>\n\n\n\n<li>Le mariage ne peut pas \u00eatre c\u00e9l\u00e9br\u00e9 pendant les temps de je\u00fbne, car les r\u00e9jouissances et les festins nuptiaux ne conviennent pas \u00e0 la p\u00e9nitence et \u00e0 la temp\u00e9rance que le je\u00fbne impose (canon 69 des saints Ap\u00f4tres et canon 52 du Concile de Laodic\u00e9e).<\/li>\n<\/ol>\n\n\n\n<h5 class=\"wp-block-heading\">Les objets que les \u00e9poux doivent apporter \u00e0 l\u2019\u00e9glise<\/h5>\n\n\n\n<ol class=\"wp-block-list\">\n<li>Le certificat de mariage civil en original \u2013 le mariage civil est obligatoire avant la c\u00e9l\u00e9bration religieuse.<\/li>\n\n\n\n<li>Les anneaux de fian\u00e7ailles (alliances) \u2013 signe du lien d\u2019amour entre les \u00e9poux.<\/li>\n\n\n\n<li>Deux cierges tenus par les parrains \u2013 signe de la lumi\u00e8re du Christ.<\/li>\n\n\n\n<li>Une ic\u00f4ne \u2013 que le pr\u00eatre b\u00e9nira et que les parrains offriront aux \u00e9poux \u00e0 la fin de l\u2019office.<\/li>\n\n\n\n<li>Une bouteille de vin dont les \u00e9poux boiront, ainsi que, selon la coutume, des biscuits (ou petits g\u00e2teaux secs).<\/li>\n<\/ol>\n\n\n\n<div class=\"wp-block-buttons is-content-justification-center is-layout-flex wp-container-core-buttons-is-layout-16018d1d wp-block-buttons-is-layout-flex\">\n<div class=\"wp-block-button\"><a class=\"wp-block-button__link wp-element-button\" href=\"https:\/\/egliseorthodoxerennes.fr\/?page_id=23\">Contacter la paroisse<\/a><\/div>\n<\/div>\n","protected":false},"excerpt":{"rendered":"<p>L\u2019Ordre du Sacrement du Mariage La c\u00e9l\u00e9bration des Fian\u00e7ailles et du Mariage a lieu au milieu de l\u2019\u00c9glise, devant une table sur laquelle sont d\u00e9pos\u00e9s le Saint \u00c9vangile, les couronnes nuptiales, la Sainte Croix, des chandeliers avec des cierges et les anneaux de fian\u00e7ailles.Le mari\u00e9 se tient \u00e0 droite, et la mari\u00e9e \u00e0 sa gauche, [&hellip;]<\/p>\n","protected":false},"author":1,"featured_media":102,"parent":158,"menu_order":0,"comment_status":"closed","ping_status":"closed","template":"","meta":{"footnotes":""},"class_list":["post-106","page","type-page","status-publish","has-post-thumbnail","hentry"],"yoast_head":"<!-- This site is optimized with the Yoast SEO plugin v27.3 - https:\/\/yoast.com\/product\/yoast-seo-wordpress\/ -->\n<title>Le Mariage - Eglise Orthodoxe Rennes<\/title>\n<meta name=\"description\" content=\"La c\u00e9r\u00e9monie du mariage orthodoxe : couronnes nuptiales, calice b\u00e9ni, procession et conditions canoniques.\" \/>\n<meta name=\"robots\" content=\"index, follow, max-snippet:-1, max-image-preview:large, max-video-preview:-1\" \/>\n<link rel=\"canonical\" href=\"https:\/\/egliseorthodoxerennes.fr\/?page_id=106\" \/>\n<meta property=\"og:locale\" content=\"en_US\" \/>\n<meta property=\"og:type\" content=\"article\" \/>\n<meta property=\"og:title\" content=\"Le Mariage - Eglise Orthodoxe Rennes\" \/>\n<meta property=\"og:description\" content=\"La c\u00e9r\u00e9monie du mariage orthodoxe : couronnes nuptiales, calice b\u00e9ni, procession et conditions canoniques.\" \/>\n<meta property=\"og:url\" content=\"https:\/\/egliseorthodoxerennes.fr\/?page_id=106\" \/>\n<meta property=\"og:site_name\" content=\"Eglise Orthodoxe Rennes\" \/>\n<meta property=\"article:publisher\" content=\"https:\/\/www.facebook.com\/acorennes\/\" \/>\n<meta property=\"article:modified_time\" content=\"2025-10-11T20:38:25+00:00\" \/>\n<meta property=\"og:image\" content=\"https:\/\/egliseorthodoxerennes.fr\/wp-content\/uploads\/2025\/08\/cununie_religioasa_final.jpg\" \/>\n\t<meta property=\"og:image:width\" content=\"1300\" \/>\n\t<meta property=\"og:image:height\" content=\"867\" \/>\n\t<meta property=\"og:image:type\" content=\"image\/jpeg\" \/>\n<meta name=\"twitter:card\" content=\"summary_large_image\" \/>\n<meta name=\"twitter:label1\" content=\"Est. reading time\" \/>\n\t<meta name=\"twitter:data1\" content=\"5 minutes\" \/>\n<script type=\"application\/ld+json\" class=\"yoast-schema-graph\">{\"@context\":\"https:\\\/\\\/schema.org\",\"@graph\":[{\"@type\":\"WebPage\",\"@id\":\"https:\\\/\\\/egliseorthodoxerennes.fr\\\/?page_id=106\",\"url\":\"https:\\\/\\\/egliseorthodoxerennes.fr\\\/?page_id=106\",\"name\":\"Le Mariage - Eglise Orthodoxe Rennes\",\"isPartOf\":{\"@id\":\"https:\\\/\\\/egliseorthodoxerennes.fr\\\/#website\"},\"primaryImageOfPage\":{\"@id\":\"https:\\\/\\\/egliseorthodoxerennes.fr\\\/?page_id=106#primaryimage\"},\"image\":{\"@id\":\"https:\\\/\\\/egliseorthodoxerennes.fr\\\/?page_id=106#primaryimage\"},\"thumbnailUrl\":\"https:\\\/\\\/egliseorthodoxerennes.fr\\\/wp-content\\\/uploads\\\/2025\\\/08\\\/cununie_religioasa_final.jpg\",\"datePublished\":\"2025-08-24T19:25:18+00:00\",\"dateModified\":\"2025-10-11T20:38:25+00:00\",\"description\":\"La c\u00e9r\u00e9monie du mariage orthodoxe : couronnes nuptiales, calice b\u00e9ni, procession et conditions canoniques.\",\"breadcrumb\":{\"@id\":\"https:\\\/\\\/egliseorthodoxerennes.fr\\\/?page_id=106#breadcrumb\"},\"inLanguage\":\"en-US\",\"potentialAction\":[{\"@type\":\"ReadAction\",\"target\":[\"https:\\\/\\\/egliseorthodoxerennes.fr\\\/?page_id=106\"]}]},{\"@type\":\"ImageObject\",\"inLanguage\":\"en-US\",\"@id\":\"https:\\\/\\\/egliseorthodoxerennes.fr\\\/?page_id=106#primaryimage\",\"url\":\"https:\\\/\\\/egliseorthodoxerennes.fr\\\/wp-content\\\/uploads\\\/2025\\\/08\\\/cununie_religioasa_final.jpg\",\"contentUrl\":\"https:\\\/\\\/egliseorthodoxerennes.fr\\\/wp-content\\\/uploads\\\/2025\\\/08\\\/cununie_religioasa_final.jpg\",\"width\":1300,\"height\":867},{\"@type\":\"BreadcrumbList\",\"@id\":\"https:\\\/\\\/egliseorthodoxerennes.fr\\\/?page_id=106#breadcrumb\",\"itemListElement\":[{\"@type\":\"ListItem\",\"position\":1,\"name\":\"Home\",\"item\":\"https:\\\/\\\/egliseorthodoxerennes.fr\\\/\"},{\"@type\":\"ListItem\",\"position\":2,\"name\":\"Informations pratiques\",\"item\":\"https:\\\/\\\/egliseorthodoxerennes.fr\\\/?page_id=158\"},{\"@type\":\"ListItem\",\"position\":3,\"name\":\"Le Mariage\"}]},{\"@type\":\"WebSite\",\"@id\":\"https:\\\/\\\/egliseorthodoxerennes.fr\\\/#website\",\"url\":\"https:\\\/\\\/egliseorthodoxerennes.fr\\\/\",\"name\":\"Eglise Orthodoxe Rennes\",\"description\":\"Parohia Sfin\u021bii \u0219i Drep\u021bii P\u0103rin\u021bi Ioachim \u0219i Ana Rennes\",\"publisher\":{\"@id\":\"https:\\\/\\\/egliseorthodoxerennes.fr\\\/#organization\"},\"potentialAction\":[{\"@type\":\"SearchAction\",\"target\":{\"@type\":\"EntryPoint\",\"urlTemplate\":\"https:\\\/\\\/egliseorthodoxerennes.fr\\\/?s={search_term_string}\"},\"query-input\":{\"@type\":\"PropertyValueSpecification\",\"valueRequired\":true,\"valueName\":\"search_term_string\"}}],\"inLanguage\":\"en-US\"},{\"@type\":\"Organization\",\"@id\":\"https:\\\/\\\/egliseorthodoxerennes.fr\\\/#organization\",\"name\":\"Eglise Orthodoxe Rennes\",\"url\":\"https:\\\/\\\/egliseorthodoxerennes.fr\\\/\",\"logo\":{\"@type\":\"ImageObject\",\"inLanguage\":\"en-US\",\"@id\":\"https:\\\/\\\/egliseorthodoxerennes.fr\\\/#\\\/schema\\\/logo\\\/image\\\/\",\"url\":\"https:\\\/\\\/egliseorthodoxerennes.fr\\\/wp-content\\\/uploads\\\/2025\\\/07\\\/cropped-logo_church.jpg\",\"contentUrl\":\"https:\\\/\\\/egliseorthodoxerennes.fr\\\/wp-content\\\/uploads\\\/2025\\\/07\\\/cropped-logo_church.jpg\",\"width\":426,\"height\":333,\"caption\":\"Eglise Orthodoxe Rennes\"},\"image\":{\"@id\":\"https:\\\/\\\/egliseorthodoxerennes.fr\\\/#\\\/schema\\\/logo\\\/image\\\/\"},\"sameAs\":[\"https:\\\/\\\/www.facebook.com\\\/acorennes\\\/\"]}]}<\/script>\n<!-- \/ Yoast SEO plugin. -->","yoast_head_json":{"title":"Le Mariage - Eglise Orthodoxe Rennes","description":"La c\u00e9r\u00e9monie du mariage orthodoxe : couronnes nuptiales, calice b\u00e9ni, procession et conditions canoniques.","robots":{"index":"index","follow":"follow","max-snippet":"max-snippet:-1","max-image-preview":"max-image-preview:large","max-video-preview":"max-video-preview:-1"},"canonical":"https:\/\/egliseorthodoxerennes.fr\/?page_id=106","og_locale":"en_US","og_type":"article","og_title":"Le Mariage - Eglise Orthodoxe Rennes","og_description":"La c\u00e9r\u00e9monie du mariage orthodoxe : couronnes nuptiales, calice b\u00e9ni, procession et conditions canoniques.","og_url":"https:\/\/egliseorthodoxerennes.fr\/?page_id=106","og_site_name":"Eglise Orthodoxe Rennes","article_publisher":"https:\/\/www.facebook.com\/acorennes\/","article_modified_time":"2025-10-11T20:38:25+00:00","og_image":[{"width":1300,"height":867,"url":"https:\/\/egliseorthodoxerennes.fr\/wp-content\/uploads\/2025\/08\/cununie_religioasa_final.jpg","type":"image\/jpeg"}],"twitter_card":"summary_large_image","twitter_misc":{"Est. reading time":"5 minutes"},"schema":{"@context":"https:\/\/schema.org","@graph":[{"@type":"WebPage","@id":"https:\/\/egliseorthodoxerennes.fr\/?page_id=106","url":"https:\/\/egliseorthodoxerennes.fr\/?page_id=106","name":"Le Mariage - Eglise Orthodoxe Rennes","isPartOf":{"@id":"https:\/\/egliseorthodoxerennes.fr\/#website"},"primaryImageOfPage":{"@id":"https:\/\/egliseorthodoxerennes.fr\/?page_id=106#primaryimage"},"image":{"@id":"https:\/\/egliseorthodoxerennes.fr\/?page_id=106#primaryimage"},"thumbnailUrl":"https:\/\/egliseorthodoxerennes.fr\/wp-content\/uploads\/2025\/08\/cununie_religioasa_final.jpg","datePublished":"2025-08-24T19:25:18+00:00","dateModified":"2025-10-11T20:38:25+00:00","description":"La c\u00e9r\u00e9monie du mariage orthodoxe : couronnes nuptiales, calice b\u00e9ni, procession et conditions canoniques.","breadcrumb":{"@id":"https:\/\/egliseorthodoxerennes.fr\/?page_id=106#breadcrumb"},"inLanguage":"en-US","potentialAction":[{"@type":"ReadAction","target":["https:\/\/egliseorthodoxerennes.fr\/?page_id=106"]}]},{"@type":"ImageObject","inLanguage":"en-US","@id":"https:\/\/egliseorthodoxerennes.fr\/?page_id=106#primaryimage","url":"https:\/\/egliseorthodoxerennes.fr\/wp-content\/uploads\/2025\/08\/cununie_religioasa_final.jpg","contentUrl":"https:\/\/egliseorthodoxerennes.fr\/wp-content\/uploads\/2025\/08\/cununie_religioasa_final.jpg","width":1300,"height":867},{"@type":"BreadcrumbList","@id":"https:\/\/egliseorthodoxerennes.fr\/?page_id=106#breadcrumb","itemListElement":[{"@type":"ListItem","position":1,"name":"Home","item":"https:\/\/egliseorthodoxerennes.fr\/"},{"@type":"ListItem","position":2,"name":"Informations pratiques","item":"https:\/\/egliseorthodoxerennes.fr\/?page_id=158"},{"@type":"ListItem","position":3,"name":"Le Mariage"}]},{"@type":"WebSite","@id":"https:\/\/egliseorthodoxerennes.fr\/#website","url":"https:\/\/egliseorthodoxerennes.fr\/","name":"Eglise Orthodoxe Rennes","description":"Parohia Sfin\u021bii \u0219i Drep\u021bii P\u0103rin\u021bi Ioachim \u0219i Ana Rennes","publisher":{"@id":"https:\/\/egliseorthodoxerennes.fr\/#organization"},"potentialAction":[{"@type":"SearchAction","target":{"@type":"EntryPoint","urlTemplate":"https:\/\/egliseorthodoxerennes.fr\/?s={search_term_string}"},"query-input":{"@type":"PropertyValueSpecification","valueRequired":true,"valueName":"search_term_string"}}],"inLanguage":"en-US"},{"@type":"Organization","@id":"https:\/\/egliseorthodoxerennes.fr\/#organization","name":"Eglise Orthodoxe Rennes","url":"https:\/\/egliseorthodoxerennes.fr\/","logo":{"@type":"ImageObject","inLanguage":"en-US","@id":"https:\/\/egliseorthodoxerennes.fr\/#\/schema\/logo\/image\/","url":"https:\/\/egliseorthodoxerennes.fr\/wp-content\/uploads\/2025\/07\/cropped-logo_church.jpg","contentUrl":"https:\/\/egliseorthodoxerennes.fr\/wp-content\/uploads\/2025\/07\/cropped-logo_church.jpg","width":426,"height":333,"caption":"Eglise Orthodoxe Rennes"},"image":{"@id":"https:\/\/egliseorthodoxerennes.fr\/#\/schema\/logo\/image\/"},"sameAs":["https:\/\/www.facebook.com\/acorennes\/"]}]}},"_links":{"self":[{"href":"https:\/\/egliseorthodoxerennes.fr\/index.php?rest_route=\/wp\/v2\/pages\/106","targetHints":{"allow":["GET"]}}],"collection":[{"href":"https:\/\/egliseorthodoxerennes.fr\/index.php?rest_route=\/wp\/v2\/pages"}],"about":[{"href":"https:\/\/egliseorthodoxerennes.fr\/index.php?rest_route=\/wp\/v2\/types\/page"}],"author":[{"embeddable":true,"href":"https:\/\/egliseorthodoxerennes.fr\/index.php?rest_route=\/wp\/v2\/users\/1"}],"replies":[{"embeddable":true,"href":"https:\/\/egliseorthodoxerennes.fr\/index.php?rest_route=%2Fwp%2Fv2%2Fcomments&post=106"}],"version-history":[{"count":5,"href":"https:\/\/egliseorthodoxerennes.fr\/index.php?rest_route=\/wp\/v2\/pages\/106\/revisions"}],"predecessor-version":[{"id":240,"href":"https:\/\/egliseorthodoxerennes.fr\/index.php?rest_route=\/wp\/v2\/pages\/106\/revisions\/240"}],"up":[{"embeddable":true,"href":"https:\/\/egliseorthodoxerennes.fr\/index.php?rest_route=\/wp\/v2\/pages\/158"}],"wp:featuredmedia":[{"embeddable":true,"href":"https:\/\/egliseorthodoxerennes.fr\/index.php?rest_route=\/wp\/v2\/media\/102"}],"wp:attachment":[{"href":"https:\/\/egliseorthodoxerennes.fr\/index.php?rest_route=%2Fwp%2Fv2%2Fmedia&parent=106"}],"curies":[{"name":"wp","href":"https:\/\/api.w.org\/{rel}","templated":true}]}}